{"id":2981,"date":"2020-12-23T20:53:22","date_gmt":"2020-12-23T18:53:22","guid":{"rendered":"https:\/\/wingrain.bg\/de\/?page_id=2981"},"modified":"2021-01-28T10:37:34","modified_gmt":"2021-01-28T08:37:34","slug":"vision","status":"publish","type":"page","link":"https:\/\/wingrain.bg\/de\/vision\/","title":{"rendered":"Mission"},"content":{"rendered":"<p>[vc_row el_class=&#8221;vc-col-no-pt&#8221;][vc_column offset=&#8221;vc_col-lg-8 vc_col-md-6&#8243;][vc_single_image image=&#8221;2984&#8243; img_size=&#8221;full&#8221; css=&#8221;.vc_custom_1608749743319{margin-bottom: 0px !important;}&#8221; el_class=&#8221;text-center-md&#8221;][g5element_space spacing=&#8221;120&#8243; spacing_lg=&#8221;80&#8243; spacing_md=&#8221;70&#8243; spacing_sm=&#8221;60&#8243; spacing_xs=&#8221;50&#8243;][\/vc_column][vc_column offset=&#8221;vc_col-lg-4 vc_col-md-6&#8243;][g5element_space spacing=&#8221;66&#8243; spacing_lg=&#8221;50&#8243; spacing_md=&#8221;0&#8243; spacing_sm=&#8221;0&#8243; spacing_xs=&#8221;0&#8243;][vc_column_text css=&#8221;.vc_custom_1611823049686{margin-bottom: 24px !important;padding-top: 5px !important;}&#8221;]Wir stellen gesunde Nahrung zum bestm\u00f6glichen Qualit\u00e4t und mit gro\u00dfer Acht zur Natur und Mensch her.<br \/>\nHerstellung von heue Produktlinie in der Kategorie Snack;<br \/>\nSoziale Verantwortung unter Ber\u00fccksichtigung der Umwelt, der Natur und der Gesundheit der Verbraucher.[\/vc_column_text][vc_single_image image=&#8221;739&#8243; img_size=&#8221;full&#8221; css=&#8221;.vc_custom_1564967948035{margin-top: 17px !important;}&#8221;][g5element_space spacing=&#8221;80&#8243; spacing_md=&#8221;70&#8243; spacing_sm=&#8221;60&#8243; spacing_xs=&#8221;50&#8243;][\/vc_column][\/vc_row]<\/p>\n","protected":false},"excerpt":{"rendered":"<p>[vc_row el_class=&#8221;vc-col-no-pt&#8221;][vc_column offset=&#8221;vc_col-lg-8 vc_col-md-6&#8243;][vc_single_image image=&#8221;2984&#8243; img_size=&#8221;full&#8221; css=&#8221;.vc_custom_1608749743319{margin-bottom: 0px !important;}&#8221; el_class=&#8221;text-center-md&#8221;][g5element_space spacing=&#8221;120&#8243; spacing_lg=&#8221;80&#8243; spacing_md=&#8221;70&#8243; spacing_sm=&#8221;60&#8243; spacing_xs=&#8221;50&#8243;][\/vc_column][vc_column offset=&#8221;vc_col-lg-4 vc_col-md-6&#8243;][g5element_space spacing=&#8221;66&#8243; spacing_lg=&#8221;50&#8243; spacing_md=&#8221;0&#8243; spacing_sm=&#8221;0&#8243; spacing_xs=&#8221;0&#8243;][vc_column_text css=&#8221;.vc_custom_1611823049686{margin-bottom: 24px !important;padding-top: 5px !important;}&#8221;]Wir stellen gesunde Nahrung zum bestm\u00f6glichen Qualit\u00e4t und mit gro\u00dfer Acht zur Natur und Mensch her. Herstellung von heue Produktlinie in der Kategorie Snack; Soziale Verantwortung unter Ber\u00fccksichtigung der [&hellip;]<\/p>\n","protected":false},"author":1,"featured_media":0,"parent":0,"menu_order":0,"comment_status":"closed","ping_status":"closed","template":"","meta":[],"_links":{"self":[{"href":"https:\/\/wingrain.bg\/de\/wp-json\/wp\/v2\/pages\/2981"}],"collection":[{"href":"https:\/\/wingrain.bg\/de\/wp-json\/wp\/v2\/pages"}],"about":[{"href":"https:\/\/wingrain.bg\/de\/wp-json\/wp\/v2\/types\/page"}],"author":[{"embeddable":true,"href":"https:\/\/wingrain.bg\/de\/wp-json\/wp\/v2\/users\/1"}],"replies":[{"embeddable":true,"href":"https:\/\/wingrain.bg\/de\/wp-json\/wp\/v2\/comments?post=2981"}],"version-history":[{"count":7,"href":"https:\/\/wingrain.bg\/de\/wp-json\/wp\/v2\/pages\/2981\/revisions"}],"predecessor-version":[{"id":3022,"href":"https:\/\/wingrain.bg\/de\/wp-json\/wp\/v2\/pages\/2981\/revisions\/3022"}],"wp:attachment":[{"href":"https:\/\/wingrain.bg\/de\/wp-json\/wp\/v2\/media?parent=2981"}],"curies":[{"name":"wp","href":"https:\/\/api.w.org\/{rel}","templated":true}]}}